{"id":6,"date":"2016-09-28T09:26:46","date_gmt":"2016-09-28T07:26:46","guid":{"rendered":"http:\/\/www.meworla.com\/wordpress\/?page_id=6"},"modified":"2016-09-28T12:50:40","modified_gmt":"2016-09-28T10:50:40","slug":"kontakt","status":"publish","type":"page","link":"https:\/\/www.meworla.com\/index.php\/kontakt\/","title":{"rendered":"Kontakt"},"content":{"rendered":"<div id=\"title\">Gerne stehen wir Ihnen f\u00fcr Fragen zur Verf\u00fcgung<\/div>\n<div><\/div>\n<div class=\"module\">\n<p>Meworla GmbH<br \/>\nFriedheimstrasse 15<br \/>\n8057 Z\u00fcrich<br \/>\nSchweiz<\/p>\n<p>Tel: +41 44 310 24 47<br \/>\nFax: +41 44 310 24 36<\/p>\n<p>E-Mail: <a href=\"mailto:info@meworla.com\">info@meworla.com<\/a><\/p>\n<\/div>\n","protected":false},"excerpt":{"rendered":"<p>Gerne stehen wir Ihnen f\u00fcr Fragen zur Verf\u00fcgung Meworla GmbH Friedheimstrasse 15 8057 Z\u00fcrich Schweiz Tel: +41 44 310 24 47 Fax: +41 44 310 24 36 E-Mail: info@meworla.com<\/p>\n","protected":false},"author":1,"featured_media":0,"parent":0,"menu_order":0,"comment_status":"closed","ping_status":"closed","template":"","meta":{"footnotes":""},"class_list":["post-6","page","type-page","status-publish","hentry"],"_links":{"self":[{"href":"https:\/\/www.meworla.com\/index.php\/wp-json\/wp\/v2\/pages\/6","targetHints":{"allow":["GET"]}}],"collection":[{"href":"https:\/\/www.meworla.com\/index.php\/wp-json\/wp\/v2\/pages"}],"about":[{"href":"https:\/\/www.meworla.com\/index.php\/wp-json\/wp\/v2\/types\/page"}],"author":[{"embeddable":true,"href":"https:\/\/www.meworla.com\/index.php\/wp-json\/wp\/v2\/users\/1"}],"replies":[{"embeddable":true,"href":"https:\/\/www.meworla.com\/index.php\/wp-json\/wp\/v2\/comments?post=6"}],"version-history":[{"count":2,"href":"https:\/\/www.meworla.com\/index.php\/wp-json\/wp\/v2\/pages\/6\/revisions"}],"predecessor-version":[{"id":42,"href":"https:\/\/www.meworla.com\/index.php\/wp-json\/wp\/v2\/pages\/6\/revisions\/42"}],"wp:attachment":[{"href":"https:\/\/www.meworla.com\/index.php\/wp-json\/wp\/v2\/media?parent=6"}],"curies":[{"name":"wp","href":"https:\/\/api.w.org\/{rel}","templated":true}]}}