{"id":34,"date":"2016-09-28T12:25:12","date_gmt":"2016-09-28T10:25:12","guid":{"rendered":"http:\/\/www.meworla.com\/wordpress\/?page_id=34"},"modified":"2016-09-28T12:25:12","modified_gmt":"2016-09-28T10:25:12","slug":"entwicklung","status":"publish","type":"page","link":"https:\/\/www.meworla.com\/index.php\/dienstleistungen\/entwicklung\/","title":{"rendered":"Entwicklung"},"content":{"rendered":"<div class=\"module\">\n<p>Wir entwicklen Software und Informationssysteme nach Ihren Bed\u00fcfnissen.<\/p>\n<p>Nutzen Sie Ihre Daten mit auf Ihre Bed\u00fcrfnisse zugeschnittenen L\u00f6sungen.<\/p>\n<p>M\u00f6gliche L\u00f6sungen reichen von einfachen Datenbanken \u00fcber Webapplikationen bis hin zu komplexen Informationssystemen.<\/p>\n<p>Wir setzen jeweils diejenigen Produkte ein, die f\u00fcr unsere Kunden am besten geeignet sind.<\/p>\n<p>Wir sind Spezialisten f\u00fcr:<\/p>\n<p>&#8211; PostgreSQL (SQL Datenbank)<br \/>\n&#8211; Apache (Webserver)<br \/>\n&#8211; Programmiersprachen: PHP, C, C++, Pascal<br \/>\n&#8211; XML\/XSLT Werkzeuge<\/p>\n<p>Mit unseren Partnern bieten wir Ihnen Informatik aus einer Hand: F\u00fcr Webdesign, Webhosting und professionelle E-Mail kennen wir die f\u00fcr Sie richtigen Partner.<\/p>\n<\/div>\n","protected":false},"excerpt":{"rendered":"<p>Wir entwicklen Software und Informationssysteme nach Ihren Bed\u00fcfnissen. Nutzen Sie Ihre Daten mit auf Ihre Bed\u00fcrfnisse zugeschnittenen L\u00f6sungen. M\u00f6gliche L\u00f6sungen reichen von einfachen Datenbanken \u00fcber Webapplikationen bis hin zu komplexen &#8230;<\/p>\n","protected":false},"author":1,"featured_media":0,"parent":14,"menu_order":0,"comment_status":"closed","ping_status":"closed","template":"","meta":{"footnotes":""},"class_list":["post-34","page","type-page","status-publish","hentry"],"_links":{"self":[{"href":"https:\/\/www.meworla.com\/index.php\/wp-json\/wp\/v2\/pages\/34","targetHints":{"allow":["GET"]}}],"collection":[{"href":"https:\/\/www.meworla.com\/index.php\/wp-json\/wp\/v2\/pages"}],"about":[{"href":"https:\/\/www.meworla.com\/index.php\/wp-json\/wp\/v2\/types\/page"}],"author":[{"embeddable":true,"href":"https:\/\/www.meworla.com\/index.php\/wp-json\/wp\/v2\/users\/1"}],"replies":[{"embeddable":true,"href":"https:\/\/www.meworla.com\/index.php\/wp-json\/wp\/v2\/comments?post=34"}],"version-history":[{"count":1,"href":"https:\/\/www.meworla.com\/index.php\/wp-json\/wp\/v2\/pages\/34\/revisions"}],"predecessor-version":[{"id":35,"href":"https:\/\/www.meworla.com\/index.php\/wp-json\/wp\/v2\/pages\/34\/revisions\/35"}],"up":[{"embeddable":true,"href":"https:\/\/www.meworla.com\/index.php\/wp-json\/wp\/v2\/pages\/14"}],"wp:attachment":[{"href":"https:\/\/www.meworla.com\/index.php\/wp-json\/wp\/v2\/media?parent=34"}],"curies":[{"name":"wp","href":"https:\/\/api.w.org\/{rel}","templated":true}]}}