{"id":14,"date":"2016-09-28T10:15:16","date_gmt":"2016-09-28T08:15:16","guid":{"rendered":"http:\/\/www.meworla.com\/wordpress\/?page_id=14"},"modified":"2016-09-28T11:42:08","modified_gmt":"2016-09-28T09:42:08","slug":"dienstleistungen","status":"publish","type":"page","link":"https:\/\/www.meworla.com\/index.php\/dienstleistungen\/","title":{"rendered":"Dienstleistungen"},"content":{"rendered":"<div id=\"content\">\n<h2>Entwicklung<\/h2>\n<div class=\"module\">\n<p>Wir entwicklen Software und Informationssysteme nach Ihren Bed\u00fcfnissen.<\/p>\n<p>Nutzen Sie Ihre Daten mit auf Ihre Bed\u00fcrfnisse zugeschnittenen L\u00f6sungen.<\/p>\n<p>M\u00f6gliche L\u00f6sungen reichen von einfachen Datenbanken \u00fcber Webapplikationen bis hin zu komplexen Informationssystemen.<\/p>\n<p>Wir setzen jeweils diejenigen Produkte ein, die f\u00fcr unsere Kunden am besten geeignet sind.<\/p>\n<p>Wir sind Spezialisten f\u00fcr:<\/p>\n<p>&#8211; PostgreSQL (SQL Datenbank)<br \/>\n&#8211; Apache (Webserver)<br \/>\n&#8211; Programmiersprachen: PHP, C, C++, Pascal<br \/>\n&#8211; XML\/XSLT Werkzeuge<\/p>\n<p>Mit unseren Partnern bieten wir Ihnen Informatik aus einer Hand: F\u00fcr Webdesign, Webhosting und professionelle E-Mail kennen wir die f\u00fcr Sie richtigen Partner.<\/p>\n<\/div>\n<\/div>\n<div id=\"footer\">\n<div id=\"content\">\n<div id=\"title\">\n<h2>Beratung und Projektleitung<\/h2>\n<\/div>\n<p>M\u00f6chten sie Ihr Datenmanagement nach den modernen Bed\u00fcrfnissen ausrichten?<\/p>\n<p>M\u00f6chten Sie die Abl\u00e4ufe in Ihrer Datenverwaltung optimieren?<\/p>\n<p>Unsere Mitarbeiter helfen Ihnen gerne mit ihrem Know-How im Bereich der Datenbanken und Informationssysteme, sowie dem Datenmanagement um f\u00fcr Sie die beste L\u00f6sung zu erreichen.<\/p>\n<div class=\"module\">\n<h2>Datenmodellierung<\/h2>\n<p>Die richtige Struktur der Daten ist Voraussetzung, um diese effizient zu verarbeiten und Wissensgewinne daraus abzuleiten.<\/p>\n<p>Als Experten in der Datenmodellierung unterst\u00fctzen wir Sie im Design Ihrer Datenbanken und Ihrer Prozesse im Datenmanagement.<\/p>\n<\/div>\n<div class=\"module\">\n<h2>Datenmigration<\/h2>\n<p>Heute startet niemand mehr auf der gr\u00fcnen Wiese: H\u00e4ufig sind seit Jahren Informationssysteme oder Datenbanken im Einsatz, die Dokumentation \u00fcber die Dtaenstrukturen fehlen jedoch, oder die Software erf\u00fcllt die Anforderungen nicht mehr.<\/p>\n<p>Wir untersuchen Ihre Datenbest\u00e4nde und bereiten diese f\u00fcr die Migration in neue Software vor.<\/p>\n<\/div>\n<div class=\"module\">\n<h2>Data Mining<\/h2>\n<p>Grosse Datenbest\u00e4nde sammeln sich im Laufe der Zeit an. K\u00f6nnen Sie Ihre Daten nutzen um Erkenntnisse \u00fcber Ihre Kunden und Ihre Gesch\u00e4ftsprozesse zu gewinnen?<\/p>\n<p>Wir unterst\u00fcstzen Sie beim Data Mining und erm\u00f6glichen Ihnen damit stratgeische Entscheide mit faktenbasierten Reportings zu f\u00e4llen.<\/p>\n<\/div>\n<\/div>\n<\/div>\n","protected":false},"excerpt":{"rendered":"<p>Entwicklung Wir entwicklen Software und Informationssysteme nach Ihren Bed\u00fcfnissen. Nutzen Sie Ihre Daten mit auf Ihre Bed\u00fcrfnisse zugeschnittenen L\u00f6sungen. M\u00f6gliche L\u00f6sungen reichen von einfachen Datenbanken \u00fcber Webapplikationen bis hin zu &#8230;<\/p>\n","protected":false},"author":1,"featured_media":0,"parent":0,"menu_order":0,"comment_status":"closed","ping_status":"closed","template":"","meta":{"footnotes":""},"class_list":["post-14","page","type-page","status-publish","hentry"],"_links":{"self":[{"href":"https:\/\/www.meworla.com\/index.php\/wp-json\/wp\/v2\/pages\/14","targetHints":{"allow":["GET"]}}],"collection":[{"href":"https:\/\/www.meworla.com\/index.php\/wp-json\/wp\/v2\/pages"}],"about":[{"href":"https:\/\/www.meworla.com\/index.php\/wp-json\/wp\/v2\/types\/page"}],"author":[{"embeddable":true,"href":"https:\/\/www.meworla.com\/index.php\/wp-json\/wp\/v2\/users\/1"}],"replies":[{"embeddable":true,"href":"https:\/\/www.meworla.com\/index.php\/wp-json\/wp\/v2\/comments?post=14"}],"version-history":[{"count":4,"href":"https:\/\/www.meworla.com\/index.php\/wp-json\/wp\/v2\/pages\/14\/revisions"}],"predecessor-version":[{"id":19,"href":"https:\/\/www.meworla.com\/index.php\/wp-json\/wp\/v2\/pages\/14\/revisions\/19"}],"wp:attachment":[{"href":"https:\/\/www.meworla.com\/index.php\/wp-json\/wp\/v2\/media?parent=14"}],"curies":[{"name":"wp","href":"https:\/\/api.w.org\/{rel}","templated":true}]}}